{"id":3714,"date":"2019-02-14T19:41:10","date_gmt":"2019-02-14T16:41:10","guid":{"rendered":"https:\/\/www.plushomeside.com\/?page_id=3714"},"modified":"2019-02-18T18:04:16","modified_gmt":"2019-02-18T15:04:16","slug":"about-us","status":"publish","type":"page","link":"http:\/\/www.plushomeside.com\/en\/about-us\/","title":{"rendered":"About Us"},"content":{"rendered":"<p>2009 y\u0131l\u0131ndan beri Manavgat \u2013 Side b\u00f6lgesinde hizmet veren \u015firketimiz, sekt\u00f6r\u00fcn tecr\u00fcbeli isimlerini ve se\u00e7kin bir portf\u00f6y\u00fc sizler i\u00e7in bir araya getirmi\u015ftir. Gerek teknik altyap\u0131m\u0131z gerekse isabetli ekspertiz analizlerimizle sekt\u00f6r\u00fcm\u00fczde fark yaratmak ve ko\u015fulsuz memnuniyet sa\u011flamak i\u00e7in \u00e7al\u0131\u015fmaktay\u0131z. \u00c7al\u0131\u015fma ilkelerimiz gere\u011fi, yo\u011fun ve s\u00fcr\u00fcm\u00fc y\u00fcksek bir rutin de\u011fil, do\u011fru m\u00fc\u015fteriye do\u011fru emlak, do\u011fru fiyat ve y\u00fcksek memnuniyet \u00fczerine odaklanmaktay\u0131z.<\/p>\n<p>T\u00fcm m\u00fc\u015fterilerimizin ihtiya\u00e7lar\u0131n\u0131 dinliyor ve olas\u0131 en uygun alternatifi sunmak i\u00e7in \u00e7abal\u0131yoruz. Hayallerinizdeki, tam da akl\u0131n\u0131zdaki emlaklar\u0131 size sunabilmek i\u00e7in \u00e7a\u011fr\u0131lar\u0131n\u0131z\u0131 bekliyoruz..<br \/>\nMisyonumuz<br \/>\nM\u00fc\u015fterilerimize olas\u0131 en do\u011fru emlak se\u00e7eneklerini sunarak, sadece sat\u0131\u015f veya kiralama a\u015famas\u0131nda de\u011fil emlakta ge\u00e7irilen her g\u00fcn\u00fcn memnuniyet i\u00e7erisinde ge\u00e7mesini sa\u011flamak.<br \/>\n\u0130htiya\u00e7lar\u0131n do\u011fru analizi ve do\u011fru ekspertiz ile m\u00fc\u015fterilerimizi sekt\u00f6r\u00fcn en y\u00fcksek hizmet kalitesi standartlar\u0131yla bulu\u015fturmak.<br \/>\nM\u00fc\u015fterilerimize h\u0131zl\u0131, tutarl\u0131 ve g\u00fcvenilir hizmet vermek.<br \/>\nSekt\u00f6r\u00fcn yeniliklerini yak\u0131ndan takip etmek ve t\u00fcm geli\u015fmelerden m\u00fc\u015fterilerimizin faydalanmas\u0131n\u0131 sa\u011flamak.<br \/>\n\u00dclkemizin en b\u00fcy\u00fck emlak veri tabanlar\u0131ndan birisini olu\u015fturmak.<br \/>\nArz\u0131n \u00e7ok yo\u011fun oldu\u011fu sekt\u00f6r\u00fcm\u00fczde fark yaratarak marka haline gelmek.<br \/>\nReklamlara, tabelalara, duyurulara ihtiya\u00e7 duymadan, t\u00fcm m\u00fc\u015fterilerimizi olumlu referanslar\u0131m\u0131z ile kazanmak.<\/p>\n<p>Vizyonumuz<br \/>\nT\u00fcm sekt\u00f6rlerin dinami\u011finin yarat\u0131c\u0131l\u0131k ve yakla\u015f\u0131m fark\u0131 oldu\u011fu inanc\u0131nday\u0131z. Sekt\u00f6rlerin geli\u015fimini sa\u011flayan \u00f6nc\u00fcleri di\u011ferlerinden farkl\u0131 yapan unsurun, yenilik\u00e7ilik, vizyon fark\u0131 ve m\u00fc\u015fteri odakl\u0131l\u0131k oldu\u011funa inan\u0131yoruz. Bizlere g\u00f6re her firma k\u00fc\u00e7\u00fck veya b\u00fcy\u00fck sekt\u00f6r\u00fcne bir \u015feyler katmal\u0131d\u0131r.<br \/>\nHer firma sekt\u00f6r\u00fcn kemikle\u015fmi\u015f sorunlar\u0131n\u0131n \u00e7\u00f6z\u00fcm\u00fc i\u00e7in kendi ekseninde de olsa bir \u00e7aba i\u00e7erisine girmelidir. Bu \u00e7abalar\u0131n, sekt\u00f6rel tecr\u00fcbelerin ve birikimlerin sonucunda daha kaliteli bir arz sunulabilecektir. Sunulan hizmetin kalitesinin y\u00fckselmesi, sekt\u00f6r\u00fcm\u00fcz\u00fcn niteli\u011fine ve kazan\u00e7l\u0131l\u0131\u011f\u0131na olumlu etki edecektir.<\/p>\n<p>Bizlere g\u00f6re, fazlas\u0131n\u0131 almak i\u00e7in \u00e7ok daha fazlas\u0131n\u0131 vermek gereklidir. Daha fazlas\u0131n\u0131 ancak daha iyisini sunabildi\u011finizde hak edersiniz. Bu felsefeyle altyap\u0131m\u0131z\u0131 ve hizmetlerimizi her ge\u00e7en g\u00fcn geli\u015ftirmekte ve sekt\u00f6r\u00fcn yenilik\u00e7i y\u00fcz\u00fc olmaya \u00e7al\u0131\u015fmaktay\u0131z.<br \/>\nEmlak sekt\u00f6r\u00fcn\u00fcn genel niteli\u011finin geli\u015fimi i\u00e7in, \u015firketimiz gibi di\u011fer t\u00fcm sekt\u00f6r temsilcilerinin de \u00e7abas\u0131 ve sinerjisi gereklidir. Ancak m\u00fckemmeliyet\u00e7ili\u011fe inanan firmam\u0131z tek ba\u015f\u0131na dahi olsa bu yenilik\u00e7i vizyonundan kopmayacakt\u0131r.<br \/>\nUzak bir \u00fclkede gayrimenkul sat\u0131n almak olduk\u00e7a zor ve karma\u015f\u0131k oldu\u011fu d\u00fc\u015f\u00fcn\u00fclebilir. Biz m\u00fc\u015fterilerimiz i\u00e7in i\u015flemlerin, ilk temas an\u0131ndan tapunun al\u0131nmas\u0131na kadar, tamamen problemsiz ve stresten uzak bir \u015fekilde y\u00fcr\u00fct\u00fclmesi i\u00e7in ve ileride de ihtiya\u00e7 duyulmas\u0131 halinde m\u00fc\u015fterilerimize yard\u0131mc\u0131 olmak ad\u0131na \u00e7al\u0131\u015fan profesyonel bir ekibiz. Amac\u0131m\u0131z m\u00fc\u015fterilerimize \u201cBirinci S\u0131n\u0131f Kapsaml\u0131 Hizmet\u201d sunmakt\u0131r.<br \/>\nSize T\u00fcrkiye\u2019de ki yeni ba\u015flang\u0131c\u0131n\u0131z\u0131n her a\u015famas\u0131nda dan\u0131\u015fmanl\u0131k edecek olan \u00f6zverili ekibimiz ile \u00e7al\u0131\u015ft\u0131\u011f\u0131n\u0131z s\u00fcrece, ya\u015fayaca\u011f\u0131n\u0131z deneyiminin zevkli olaca\u011f\u0131ndan emin bir \u015fekilde dinlenebilirsiniz.<\/p>\n","protected":false},"excerpt":{"rendered":"<p>2009 y\u0131l\u0131ndan beri Manavgat \u2013 Side b\u00f6lgesinde hizmet veren \u015firketimiz, sekt\u00f6r\u00fcn tecr\u00fcbeli isimlerini ve se\u00e7kin bir portf\u00f6y\u00fc sizler i\u00e7in bir araya getirmi\u015ftir. Gerek teknik altyap\u0131m\u0131z gerekse isabetli ekspertiz analizlerimizle sekt\u00f6r\u00fcm\u00fczde fark yaratmak ve ko\u015fulsuz memnuniyet sa\u011flamak i\u00e7in \u00e7al\u0131\u015fmaktay\u0131z. \u00c7al\u0131\u015fma ilkelerimiz gere\u011fi, yo\u011fun ve s\u00fcr\u00fcm\u00fc y\u00fcksek bir rutin de\u011fil, do\u011fru m\u00fc\u015fteriye do\u011fru emlak, do\u011fru fiyat ve [&hellip;]<\/p>\n","protected":false},"author":1,"featured_media":0,"parent":0,"menu_order":0,"comment_status":"closed","ping_status":"closed","template":"page_full-width-with-top-title.php","meta":{"footnotes":""},"_links":{"self":[{"href":"http:\/\/www.plushomeside.com\/en\/wp-json\/wp\/v2\/pages\/3714\/"}],"collection":[{"href":"http:\/\/www.plushomeside.com\/en\/wp-json\/wp\/v2\/pages\/"}],"about":[{"href":"http:\/\/www.plushomeside.com\/en\/wp-json\/wp\/v2\/types\/page\/"}],"author":[{"embeddable":true,"href":"http:\/\/www.plushomeside.com\/en\/wp-json\/wp\/v2\/users\/1\/"}],"replies":[{"embeddable":true,"href":"http:\/\/www.plushomeside.com\/en\/wp-json\/wp\/v2\/comments\/?post=3714"}],"version-history":[{"count":2,"href":"http:\/\/www.plushomeside.com\/en\/wp-json\/wp\/v2\/pages\/3714\/revisions\/"}],"predecessor-version":[{"id":4181,"href":"http:\/\/www.plushomeside.com\/en\/wp-json\/wp\/v2\/pages\/3714\/revisions\/4181\/"}],"wp:attachment":[{"href":"http:\/\/www.plushomeside.com\/en\/wp-json\/wp\/v2\/media\/?parent=3714"}],"curies":[{"name":"wp","href":"https:\/\/api.w.org\/{rel}","templated":true}]}}