{"id":3748,"date":"2019-02-14T20:00:04","date_gmt":"2019-02-14T17:00:04","guid":{"rendered":"https:\/\/www.plushomeside.com\/?page_id=3748"},"modified":"2019-02-18T18:08:05","modified_gmt":"2019-02-18T15:08:05","slug":"our-services","status":"publish","type":"page","link":"http:\/\/www.plushomeside.com\/en\/our-services\/","title":{"rendered":"Our Services"},"content":{"rendered":"<p>Sat\u0131n Alma \u00d6ncesi Hizmetler<br \/>\n1. A\u015fama: \u0130leriye D\u00f6n\u00fck M\u00fc\u015fteri Talepleri<br \/>\nDeneyimli dan\u0131\u015fman ekibimizin t\u00fcm \u00fcyelerinin hizmeti alt\u0131nda b\u00fcy\u00fck bir \u00f6zen ve anlay\u0131\u015fla kar\u015f\u0131lan\u0131lacaks\u0131n\u0131z. \u0130htiya\u00e7lar\u0131n\u0131z\u0131 eksiksiz bir bi\u00e7imde belirlemek i\u00e7in sizi b\u00fcy\u00fck bir dikkatle dinleyip ve daha sonra kriterlerinize uyan gayrimenkul\u00fc size \u00f6neriyoruz.<\/p>\n<p>2. A\u015fama : \u0130nceleme Gezisi<br \/>\nBu a\u015famada size gerekli ayarlamalar\u0131 yapmak konusunda rehberlik edece\u011fiz.<\/p>\n<p>3. A\u015fama: Sat\u0131nalma \u0130\u015flemleri<br \/>\nEmlak s\u00f6zle\u015fmelerinin olu\u015fturulmas\u0131, hukuki i\u015flemler, banka hesab\u0131 a\u00e7\u0131lmas\u0131, vergi numaras\u0131 i\u00e7in ba\u015fvuru yap\u0131lmas\u0131 ve gerekli izinler i\u00e7in askeri makamlara ba\u015fvurulmas\u0131 gibi t\u00fcm gerekli i\u015flemler taraf\u0131m\u0131zca y\u00fcr\u00fct\u00fcl\u00fcr. Daha fazla bilgi i\u00e7in l\u00fctfen prosed\u00fcrler b\u00f6l\u00fcm\u00fcne bakabilirsiniz.<\/p>\n<p>4. A\u015fama: Finans; T\u00fcm Yabanc\u0131 \u00dclke Vatanda\u015flar\u0131 i\u00e7in Konut Kredisi Temini<br \/>\nDenizbank Konut Kredisi, uygun geri \u00f6deme vadeleri ve Euro ya da di\u011fer bir yabanc\u0131 para birimine endekslenmi\u015f faiz oranlar\u0131 ile konut kredisi sa\u011flamaktad\u0131r.<\/p>\n<p>Yabanc\u0131 \u00fclke para birimi \u00fczerinden verilmi\u015f konut kredileri 10 y\u0131la kadar uzayabilen vadelerde geri \u00f6denebilir;<br \/>\nSabit faiz oran\u0131 ile e\u015fit taksitlerde geri \u00f6denebilir.<br \/>\nBa\u015fvurular birka\u00e7 i\u015f g\u00fcn\u00fc i\u00e7inde tamamlanabilir.<br \/>\nGeri \u00f6deme tarihleri kredinin kullan\u0131lmas\u0131n\u0131 takiben 45 g\u00fcn i\u00e7inde herhangi bir tarih olmak \u015fart\u0131 ile krediyi alan taraf\u0131ndan belirlenebilir.<br \/>\nEuro i\u00e7in belirlenmi\u015f faiz oran\u0131 ayl\u0131k g\u00fcncel faiz.<br \/>\nDenizBank Konut Kredisi ba\u015fvurusu i\u00e7in gerekli belgeler:<\/p>\n<p>Kredi ba\u015fvuru formu.<br \/>\nBa\u015fvuru sahibinin ve vekilinin ulusal kimlik belgesinin ya da pasaportunun orjinali ya da fotokopisi.<br \/>\n\u0130kametgah belgesi.<br \/>\nT\u00fcrk El\u00e7ili\u011fi taraf\u0131ndan onaylanm\u0131\u015f gelir belgesi.<br \/>\nSat\u0131n al\u0131nacak gayrimenkul\u00fcn tapusunun fotokopisi.<br \/>\nDenizBank Konut Kredisi, yabanc\u0131 para birimine endekslemek ile g\u00f6revli uzman\u0131 de\u011ferlendirmesine g\u00f6re gayrimenkul\u00fcn de\u011ferinin %50\u2019si ile s\u0131n\u0131rl\u0131d\u0131r; genel maksimum limit uygulanmaz.<\/p>\n<p>5. A\u015fama: Sat\u0131n Alman\u0131n Tamamlanmas\u0131 (Tapu)<br \/>\nAskeri makamlardan onay al\u0131n\u0131r al\u0131nmaz sat\u0131nalma i\u015flemi tamamlanabilir. Tapu i\u015flemlerinin tamamlanmas\u0131 i\u00e7in T\u00fcrkiye\u2019ye gelebilir, bize vekalet verebilir ya da bir avukat tayin edebilirsiniz. E\u011fer oturma iznine ihtiyac\u0131n\u0131z var ise bu konuda da size yard\u0131mc\u0131 olabiliriz.<\/p>\n<p>Sat\u0131\u015f Sonras\u0131 Hizmetler<br \/>\n1- Tadilat ve Dekorasyon vb.<br \/>\nTadilat ve dekorasyon i\u015flemlerini kendi ekimiz ve profesyonel i\u00e7 mimar deste\u011fi ile yapmaktay\u0131z.<\/p>\n<p>2- Gayrimenkul Y\u00f6netim Hizmetleri<br \/>\nPlus Home Side, her tip gayrimenkul i\u00e7in a\u015fa\u011f\u0131daki hizmetleri i\u00e7eren gayrimenkul y\u00f6netim hizmeti sunar,<\/p>\n<p>Gayrimenkul\u00fcn rutin bak\u0131mlar\u0131n\u0131n organize edilmesi.<br \/>\nGayrimenkul ile ilgili faturalar\u0131n \u00f6denmesi-sarfiyat faturalar\u0131 (su ve elektrik), bak\u0131m s\u00f6zle\u015fmeleri, hizmet bedelleri vb. gayrimenkul\u00fcn y\u0131lda en az \u00fc\u00e7 kez ziyaret edilmesi ve istek halinde binan\u0131n durumu ile ilgili detayl\u0131 rapor haz\u0131rlanmas\u0131.<br \/>\n3- Kiralama Hizmetleri<br \/>\nPlus Home Side, uluslararas\u0131 ve ulusal pazarda kiralama i\u015flemleri y\u00fcr\u00fct\u00fcr. Bizim felsefemiz yat\u0131r\u0131m\u0131n\u0131z\u0131n b\u00fct\u00fcnl\u00fc\u011f\u00fcn\u00fc en y\u00fcksek gelir getirecek \u015fekilde sa\u011flamakt\u0131r.<\/p>\n<p>Di\u011fer hizmetlerimiz;<\/p>\n<p>\u0130nternet ve \u00f6zel network pazarlamas\u0131<br \/>\nEv sahibi ve kirac\u0131 aras\u0131nda kira s\u00f6zle\u015fmesi haz\u0131rlanmas\u0131<br \/>\nGayrimenkul i\u00e7in envanter listesi haz\u0131rlanmas\u0131<br \/>\nGayrimenkul\u00fcn kiraya verilmek \u00fczere haz\u0131rlanmas\u0131<br \/>\nGeli\u015f \u00f6ncesi ve gidi\u015f sonras\u0131 temizlik hizmetleri<br \/>\nKira s\u00f6zle\u015fmeleri sonunda hasar ve \u00f6deme konular\u0131n\u0131n y\u00fcr\u00fct\u00fclmesi ve dan\u0131\u015fmanl\u0131k sa\u011flanmas\u0131<\/p>\n","protected":false},"excerpt":{"rendered":"<p>Sat\u0131n Alma \u00d6ncesi Hizmetler 1. A\u015fama: \u0130leriye D\u00f6n\u00fck M\u00fc\u015fteri Talepleri Deneyimli dan\u0131\u015fman ekibimizin t\u00fcm \u00fcyelerinin hizmeti alt\u0131nda b\u00fcy\u00fck bir \u00f6zen ve anlay\u0131\u015fla kar\u015f\u0131lan\u0131lacaks\u0131n\u0131z. \u0130htiya\u00e7lar\u0131n\u0131z\u0131 eksiksiz bir bi\u00e7imde belirlemek i\u00e7in sizi b\u00fcy\u00fck bir dikkatle dinleyip ve daha sonra kriterlerinize uyan gayrimenkul\u00fc size \u00f6neriyoruz. 2. A\u015fama : \u0130nceleme Gezisi Bu a\u015famada size gerekli ayarlamalar\u0131 yapmak konusunda rehberlik [&hellip;]<\/p>\n","protected":false},"author":1,"featured_media":0,"parent":0,"menu_order":0,"comment_status":"closed","ping_status":"closed","template":"page_full-width-with-top-title.php","meta":{"footnotes":""},"_links":{"self":[{"href":"http:\/\/www.plushomeside.com\/en\/wp-json\/wp\/v2\/pages\/3748\/"}],"collection":[{"href":"http:\/\/www.plushomeside.com\/en\/wp-json\/wp\/v2\/pages\/"}],"about":[{"href":"http:\/\/www.plushomeside.com\/en\/wp-json\/wp\/v2\/types\/page\/"}],"author":[{"embeddable":true,"href":"http:\/\/www.plushomeside.com\/en\/wp-json\/wp\/v2\/users\/1\/"}],"replies":[{"embeddable":true,"href":"http:\/\/www.plushomeside.com\/en\/wp-json\/wp\/v2\/comments\/?post=3748"}],"version-history":[{"count":2,"href":"http:\/\/www.plushomeside.com\/en\/wp-json\/wp\/v2\/pages\/3748\/revisions\/"}],"predecessor-version":[{"id":4185,"href":"http:\/\/www.plushomeside.com\/en\/wp-json\/wp\/v2\/pages\/3748\/revisions\/4185\/"}],"wp:attachment":[{"href":"http:\/\/www.plushomeside.com\/en\/wp-json\/wp\/v2\/media\/?parent=3748"}],"curies":[{"name":"wp","href":"https:\/\/api.w.org\/{rel}","templated":true}]}}